{"id":2441,"date":"2021-12-16T19:59:21","date_gmt":"2021-12-16T22:59:21","guid":{"rendered":"http:\/\/www.minadordonegrao.al.gov.br\/site\/?page_id=2441"},"modified":"2025-02-13T15:36:22","modified_gmt":"2025-02-13T18:36:22","slug":"controle-interno","status":"publish","type":"page","link":"https:\/\/www.minadordonegrao.al.gov.br\/site\/controle-interno\/","title":{"rendered":"Controle Interno"},"content":{"rendered":"\n<p style=\"font-size:30px\"><strong>Controle Interno<\/strong><\/p>\n\n\n\n<p><strong>COMPET\u00caNCIA:<\/strong><\/p>\n\n\n\n<p>O Controle Interno da administra\u00e7\u00e3o p\u00fablica foi implantado no Brasil em 1964, a partir da Lei n\u00ba: 4.320, e tem como objetivo acompanhar de forma rigorosa o interesse p\u00fablico. A fun\u00e7\u00e3o principal do Controle Interno \u00e9 a de ser instrumento eficaz e indispens\u00e1vel \u00e0 boa administra\u00e7\u00e3o, capaz de assegurar a efetiva\u00e7\u00e3o de seus objetivos de car\u00e1ter social.<br><\/p>\n\n\n\n<p>Dentre os muitos objetivos do Controle Interno destacam-se:<\/p>\n\n\n\n<p>&#8211; Propor ado\u00e7\u00e3o de medidas preventivas e corretivas para assegurar a efici\u00eancia das a\u00e7\u00f5es administrativas;<\/p>\n\n\n\n<p>&#8211; Assegurar a efic\u00e1cia na administra\u00e7\u00e3o e aplica\u00e7\u00e3o dos recursos p\u00fablicos;<\/p>\n\n\n\n<p>&#8211; Elaborar instrumentos de fiscaliza\u00e7\u00e3o e avalia\u00e7\u00e3o da gest\u00e3o or\u00e7ament\u00e1ria, financeira e patrimonial.<\/p>\n\n\n\n<p>O sistema de Controle Interno compreende as pol\u00edticas e procedimentos estabelecidos pela administra\u00e7\u00e3o p\u00fablica de um \u00f3rg\u00e3o ou entidade para ajudar a alcan\u00e7ar os objetivos e metas propostos e assegurar o desenvolvimento ordenado e eficiente, prevenindo erros e fraudes.<br>Em cumprimento ao que determina a Constitui\u00e7\u00e3o Federal, a Lei Complementar n\u00ba: 101\/2000, a Lei Federal 4.320\/1964 e a Lei Org\u00e2nica do Munic\u00edpio, o munic\u00edpio de Minador do Negr\u00e3o implantou o Controle Interno, por meio da Lei n\u00ba. 393 de 28 de fevereiro 2013.<br><\/p>\n\n\n\n<p><strong>Controlador Geral<\/strong>: <strong>BRENO RAPHAEL OLIVEIRA VAZ<\/strong><br>.<\/p>\n\n\n\n<p><strong>Atendimento:<\/strong><br>das 8h \u00e0s 16h<\/p>\n\n\n\n<p><strong>Endere\u00e7o:<\/strong> <br>Avenida Belarmino Vieira, n\u00ba 32<br>Centro &#8211; 57.615-000<br>Telefone:  (82) 3427-1165<br><br><strong>E-mail:<\/strong><br>controladoria@minadordonegrao.al.gov.br<\/p>\n","protected":false},"excerpt":{"rendered":"<p>Controle Interno COMPET\u00caNCIA: O Controle Interno da administra\u00e7\u00e3o p\u00fablica foi implantado no Brasil em 1964, a partir da Lei n\u00ba: 4.320, e tem como objetivo acompanhar de forma rigorosa o interesse p\u00fablico. A fun\u00e7\u00e3o principal do Controle Interno \u00e9 a de ser instrumento eficaz e indispens\u00e1vel \u00e0 boa administra\u00e7\u00e3o, capaz de assegurar a efetiva\u00e7\u00e3o de [&hellip;]<\/p>\n","protected":false},"author":1,"featured_media":0,"parent":0,"menu_order":0,"comment_status":"closed","ping_status":"closed","template":"","meta":{"ocean_post_layout":"","ocean_both_sidebars_style":"","ocean_both_sidebars_content_width":0,"ocean_both_sidebars_sidebars_width":0,"ocean_sidebar":"0","ocean_second_sidebar":"0","ocean_disable_margins":"enable","ocean_add_body_class":"","ocean_shortcode_before_top_bar":"","ocean_shortcode_after_top_bar":"","ocean_shortcode_before_header":"","ocean_shortcode_after_header":"","ocean_has_shortcode":"","ocean_shortcode_after_title":"","ocean_shortcode_before_footer_widgets":"","ocean_shortcode_after_footer_widgets":"","ocean_shortcode_before_footer_bottom":"","ocean_shortcode_after_footer_bottom":"","ocean_display_top_bar":"default","ocean_display_header":"default","ocean_header_style":"","ocean_center_header_left_menu":"0","ocean_custom_header_template":"0","ocean_custom_logo":0,"ocean_custom_retina_logo":0,"ocean_custom_logo_max_width":0,"ocean_custom_logo_tablet_max_width":0,"ocean_custom_logo_mobile_max_width":0,"ocean_custom_logo_max_height":0,"ocean_custom_logo_tablet_max_height":0,"ocean_custom_logo_mobile_max_height":0,"ocean_header_custom_menu":"0","ocean_menu_typo_font_family":"0","ocean_menu_typo_font_subset":"","ocean_menu_typo_font_size":0,"ocean_menu_typo_font_size_tablet":0,"ocean_menu_typo_font_size_mobile":0,"ocean_menu_typo_font_size_unit":"px","ocean_menu_typo_font_weight":"","ocean_menu_typo_font_weight_tablet":"","ocean_menu_typo_font_weight_mobile":"","ocean_menu_typo_transform":"","ocean_menu_typo_transform_tablet":"","ocean_menu_typo_transform_mobile":"","ocean_menu_typo_line_height":0,"ocean_menu_typo_line_height_tablet":0,"ocean_menu_typo_line_height_mobile":0,"ocean_menu_typo_line_height_unit":"","ocean_menu_typo_spacing":0,"ocean_menu_typo_spacing_tablet":0,"ocean_menu_typo_spacing_mobile":0,"ocean_menu_typo_spacing_unit":"","ocean_menu_link_color":"","ocean_menu_link_color_hover":"","ocean_menu_link_color_active":"","ocean_menu_link_background":"","ocean_menu_link_hover_background":"","ocean_menu_link_active_background":"","ocean_menu_social_links_bg":"","ocean_menu_social_hover_links_bg":"","ocean_menu_social_links_color":"","ocean_menu_social_hover_links_color":"","ocean_disable_title":"default","ocean_disable_heading":"default","ocean_post_title":"","ocean_post_subheading":"","ocean_post_title_style":"","ocean_post_title_background_color":"","ocean_post_title_background":0,"ocean_post_title_bg_image_position":"","ocean_post_title_bg_image_attachment":"","ocean_post_title_bg_image_repeat":"","ocean_post_title_bg_image_size":"","ocean_post_title_height":0,"ocean_post_title_bg_overlay":0.5,"ocean_post_title_bg_overlay_color":"","ocean_disable_breadcrumbs":"default","ocean_breadcrumbs_color":"","ocean_breadcrumbs_separator_color":"","ocean_breadcrumbs_links_color":"","ocean_breadcrumbs_links_hover_color":"","ocean_display_footer_widgets":"default","ocean_display_footer_bottom":"default","ocean_custom_footer_template":"0","footnotes":""},"class_list":["post-2441","page","type-page","status-publish","hentry","entry"],"_links":{"self":[{"href":"https:\/\/www.minadordonegrao.al.gov.br\/site\/wp-json\/wp\/v2\/pages\/2441","targetHints":{"allow":["GET"]}}],"collection":[{"href":"https:\/\/www.minadordonegrao.al.gov.br\/site\/wp-json\/wp\/v2\/pages"}],"about":[{"href":"https:\/\/www.minadordonegrao.al.gov.br\/site\/wp-json\/wp\/v2\/types\/page"}],"author":[{"embeddable":true,"href":"https:\/\/www.minadordonegrao.al.gov.br\/site\/wp-json\/wp\/v2\/users\/1"}],"replies":[{"embeddable":true,"href":"https:\/\/www.minadordonegrao.al.gov.br\/site\/wp-json\/wp\/v2\/comments?post=2441"}],"version-history":[{"count":3,"href":"https:\/\/www.minadordonegrao.al.gov.br\/site\/wp-json\/wp\/v2\/pages\/2441\/revisions"}],"predecessor-version":[{"id":3006,"href":"https:\/\/www.minadordonegrao.al.gov.br\/site\/wp-json\/wp\/v2\/pages\/2441\/revisions\/3006"}],"wp:attachment":[{"href":"https:\/\/www.minadordonegrao.al.gov.br\/site\/wp-json\/wp\/v2\/media?parent=2441"}],"curies":[{"name":"wp","href":"https:\/\/api.w.org\/{rel}","templated":true}]}}