{"id":365,"date":"2021-01-26T23:10:37","date_gmt":"2021-01-27T02:10:37","guid":{"rendered":"http:\/\/www.minadordonegrao.al.gov.br\/site\/?page_id=365"},"modified":"2022-07-20T01:45:08","modified_gmt":"2022-07-20T04:45:08","slug":"secretaria-municipal-de-assistencia-social","status":"publish","type":"page","link":"https:\/\/www.minadordonegrao.al.gov.br\/site\/secretaria-municipal-de-assistencia-social\/","title":{"rendered":"Secretaria Municipal de Assist\u00eancia Social"},"content":{"rendered":"\n<p style=\"font-size:30px\"><strong>Secretaria Municipal de Assist\u00eancia Social<\/strong><\/p>\n\n\n\n<p><strong>COMPET\u00caNCIA:<\/strong><\/p>\n\n\n\n<ul class=\"wp-block-list\"><li>Assessorar o Chefe do Executivo na defini\u00e7\u00e3o das diretrizes e execu\u00e7\u00e3o da pol\u00edtica de Assist\u00eancia Social;<\/li><li>Estabelecer a pol\u00edtica municipal de educa\u00e7\u00e3o popular;<\/li><li>Implementar e administrar programas e projetos voltados para o desenvolvimento socioecon\u00f4mico das comunidades de baixa renda;<\/li><li>Articular-se com institui\u00e7\u00f5es p\u00fablicas e privadas visando desenvolvimento de projetos de valoriza\u00e7\u00e3o do trabalho e promo\u00e7\u00e3o social;<\/li><li>Desenvolver outras atividades no \u00e2mbito de sua compet\u00eancia.<br><\/li><\/ul>\n\n\n\n<p><strong>Secret\u00e1ria:<\/strong> <strong>MYLLENA TAVARES BEZERRA<\/strong><br><\/p>\n\n\n\n<p><strong>Atendimento:<\/strong><br>das 8h \u00e0s 16h<\/p>\n\n\n\n<p><strong>Endere\u00e7o:<\/strong> <br>Avenida Belarmino Vieira, n\u00ba 32<br>Centro &#8211; 57.615-000<br>Telefone:  (82) 3427-1165<br><br><strong>E-mail:<\/strong><br>secassistenciasocial@minadordonegrao.al.gov.br<\/p>\n","protected":false},"excerpt":{"rendered":"<p>Secretaria Municipal de Assist\u00eancia Social COMPET\u00caNCIA: Assessorar o Chefe do Executivo na defini\u00e7\u00e3o das diretrizes e execu\u00e7\u00e3o da pol\u00edtica de Assist\u00eancia Social; Estabelecer a pol\u00edtica municipal de educa\u00e7\u00e3o popular; Implementar e administrar programas e projetos voltados para o desenvolvimento socioecon\u00f4mico das comunidades de baixa renda; Articular-se com institui\u00e7\u00f5es p\u00fablicas e privadas visando desenvolvimento de projetos [&hellip;]<\/p>\n","protected":false},"author":1,"featured_media":0,"parent":0,"menu_order":0,"comment_status":"closed","ping_status":"closed","template":"","meta":{"ocean_post_layout":"","ocean_both_sidebars_style":"","ocean_both_sidebars_content_width":0,"ocean_both_sidebars_sidebars_width":0,"ocean_sidebar":"0","ocean_second_sidebar":"0","ocean_disable_margins":"enable","ocean_add_body_class":"","ocean_shortcode_before_top_bar":"","ocean_shortcode_after_top_bar":"","ocean_shortcode_before_header":"","ocean_shortcode_after_header":"","ocean_has_shortcode":"","ocean_shortcode_after_title":"","ocean_shortcode_before_footer_widgets":"","ocean_shortcode_after_footer_widgets":"","ocean_shortcode_before_footer_bottom":"","ocean_shortcode_after_footer_bottom":"","ocean_display_top_bar":"default","ocean_display_header":"default","ocean_header_style":"","ocean_center_header_left_menu":"0","ocean_custom_header_template":"0","ocean_custom_logo":0,"ocean_custom_retina_logo":0,"ocean_custom_logo_max_width":0,"ocean_custom_logo_tablet_max_width":0,"ocean_custom_logo_mobile_max_width":0,"ocean_custom_logo_max_height":0,"ocean_custom_logo_tablet_max_height":0,"ocean_custom_logo_mobile_max_height":0,"ocean_header_custom_menu":"0","ocean_menu_typo_font_family":"0","ocean_menu_typo_font_subset":"","ocean_menu_typo_font_size":0,"ocean_menu_typo_font_size_tablet":0,"ocean_menu_typo_font_size_mobile":0,"ocean_menu_typo_font_size_unit":"px","ocean_menu_typo_font_weight":"","ocean_menu_typo_font_weight_tablet":"","ocean_menu_typo_font_weight_mobile":"","ocean_menu_typo_transform":"","ocean_menu_typo_transform_tablet":"","ocean_menu_typo_transform_mobile":"","ocean_menu_typo_line_height":0,"ocean_menu_typo_line_height_tablet":0,"ocean_menu_typo_line_height_mobile":0,"ocean_menu_typo_line_height_unit":"","ocean_menu_typo_spacing":0,"ocean_menu_typo_spacing_tablet":0,"ocean_menu_typo_spacing_mobile":0,"ocean_menu_typo_spacing_unit":"","ocean_menu_link_color":"","ocean_menu_link_color_hover":"","ocean_menu_link_color_active":"","ocean_menu_link_background":"","ocean_menu_link_hover_background":"","ocean_menu_link_active_background":"","ocean_menu_social_links_bg":"","ocean_menu_social_hover_links_bg":"","ocean_menu_social_links_color":"","ocean_menu_social_hover_links_color":"","ocean_disable_title":"default","ocean_disable_heading":"default","ocean_post_title":"","ocean_post_subheading":"","ocean_post_title_style":"","ocean_post_title_background_color":"","ocean_post_title_background":0,"ocean_post_title_bg_image_position":"","ocean_post_title_bg_image_attachment":"","ocean_post_title_bg_image_repeat":"","ocean_post_title_bg_image_size":"","ocean_post_title_height":0,"ocean_post_title_bg_overlay":0.5,"ocean_post_title_bg_overlay_color":"","ocean_disable_breadcrumbs":"default","ocean_breadcrumbs_color":"","ocean_breadcrumbs_separator_color":"","ocean_breadcrumbs_links_color":"","ocean_breadcrumbs_links_hover_color":"","ocean_display_footer_widgets":"default","ocean_display_footer_bottom":"default","ocean_custom_footer_template":"0","footnotes":""},"class_list":["post-365","page","type-page","status-publish","hentry","entry"],"_links":{"self":[{"href":"https:\/\/www.minadordonegrao.al.gov.br\/site\/wp-json\/wp\/v2\/pages\/365","targetHints":{"allow":["GET"]}}],"collection":[{"href":"https:\/\/www.minadordonegrao.al.gov.br\/site\/wp-json\/wp\/v2\/pages"}],"about":[{"href":"https:\/\/www.minadordonegrao.al.gov.br\/site\/wp-json\/wp\/v2\/types\/page"}],"author":[{"embeddable":true,"href":"https:\/\/www.minadordonegrao.al.gov.br\/site\/wp-json\/wp\/v2\/users\/1"}],"replies":[{"embeddable":true,"href":"https:\/\/www.minadordonegrao.al.gov.br\/site\/wp-json\/wp\/v2\/comments?post=365"}],"version-history":[{"count":6,"href":"https:\/\/www.minadordonegrao.al.gov.br\/site\/wp-json\/wp\/v2\/pages\/365\/revisions"}],"predecessor-version":[{"id":2504,"href":"https:\/\/www.minadordonegrao.al.gov.br\/site\/wp-json\/wp\/v2\/pages\/365\/revisions\/2504"}],"wp:attachment":[{"href":"https:\/\/www.minadordonegrao.al.gov.br\/site\/wp-json\/wp\/v2\/media?parent=365"}],"curies":[{"name":"wp","href":"https:\/\/api.w.org\/{rel}","templated":true}]}}