{"id":386,"date":"2021-01-26T23:28:56","date_gmt":"2021-01-27T02:28:56","guid":{"rendered":"http:\/\/www.minadordonegrao.al.gov.br\/site\/?page_id=386"},"modified":"2021-01-26T23:36:11","modified_gmt":"2021-01-27T02:36:11","slug":"historia","status":"publish","type":"page","link":"https:\/\/www.minadordonegrao.al.gov.br\/site\/historia\/","title":{"rendered":"Hist\u00f3ria"},"content":{"rendered":"\n<p style=\"font-size:30px\"><strong>Hist\u00f3ria<\/strong><\/p>\n\n\n\n<p>Minador do Negr\u00e3o \u00e9 um munic\u00edpio brasileiro do estado de Alagoas. Sua popula\u00e7\u00e3o \u00e9 de 5.322 habitantes (2020) e sua \u00e1rea \u00e9 de 167.462 km\u00b2. A cidade, situada no Agreste de Alagoas, distando 175 quil\u00f4metros de Macei\u00f3 e 35 quil\u00f4metros de Palmeira dos \u00cdndios.<\/p>\n\n\n\n<p>O munic\u00edpio deve sua cria\u00e7\u00e3o e povoamento a uma fazenda de gado que fora instalada em 1936 por F\u00e9lix de Souza Negr\u00e3o, considerado o fundador da cidade. \u00c9 bem verdade que antes dessa \u00e9poca, j\u00e1 deveriam existir moradores em regi\u00f5es pr\u00f3ximas.<\/p>\n\n\n\n<p>Em 1940 foi criada uma feira livre, onde compareciam habitantes da regi\u00e3o e comerciantes das cidades circunvizinhas. Al\u00e9m de F\u00e9lix de Souza Negr\u00e3o, s\u00e3o tamb\u00e9m considerados pioneiros do lugar, Joaquim Belarmino Barros, Clarindo Amorim, Jos\u00e9 Ant\u00f4nio Duarte e Colim\u00e9rio Ferreira Ferro. O Top\u00f4nimo de Minador do Negr\u00e3o, teve origem no fato de existir na propriedade de F\u00e9lix Negr\u00e3o uma fonte de \u00e1gua cristalina de \u00f3tima qualidade e grande potencial. Em 1950 foi elevada a condi\u00e7\u00e3o de vila, j\u00e1 que o progresso da povoa\u00e7\u00e3o que ali se formava, era uma constante. Sempre pertenceu a Palmeira dos \u00cdndios, de onde foi emancipado. A luta pela sua independ\u00eancia pol\u00edtica encontrou no deputado Remi Maia e em Joaquim Belarmino Barros seus principais l\u00edderes. Ela foi alcan\u00e7ada atrav\u00e9s da Lei n\u00ba 2470 de 27 de Agosto de 1962, ocorrendo sua instala\u00e7\u00e3o oficial a 9 de Setembro do mesmo ano, com o territ\u00f3rio formado por apenas um distrito, o da sede, situa\u00e7\u00e3o que ainda hoje perdura.<\/p>\n\n\n\n<p>Um dos principais atrativos de Minador do Negr\u00e3o \u00e9 a Pra\u00e7a Tereza Ara\u00fajo Barros, ponto de encontro de jovens e adultos. As festividades tamb\u00e9m atraem muitos visitantes da regi\u00e3o, destacando-se a Festa da padroeira, Nossa Senhora das Gra\u00e7as, e o j\u00e1 tradicional Baile dos Casados (mar\u00e7o), onde os participantes t\u00eam que comprovar a uni\u00e3o com documenta\u00e7\u00e3o.<\/p>\n\n\n\n<p><strong>SITUA\u00c7\u00c3O:<\/strong> Situa-se na Micro-Regi\u00e3o de Palmeira dos \u00cdndios (115), sendo seus limites: Cacimbinhas (22 Km), Estrela de Alagoas (23 Km), Bom Conselho (42 Km) e Iati (40 Km) os dois \u00faltimos no Estado de Pernambuco. Est\u00e1 a uma dist\u00e2ncia de 175 Km da capital do Estado e a uma altitude de 400 metros acima do n\u00edvel do mar. Coordenadas Geogr\u00e1ficas : 9\u00ba 18&#8217;28&#8217; de latitude sul e 36\u00ba 51&#8217;27&#8217; de longitude W. Gr.<\/p>\n\n\n\n<p><strong>CLIMA:<\/strong> Tem um clima quente e seco, com m\u00e1ximas de 35\u00ba e m\u00ednimas de 14\u00ba. O inverno inicia-se em junho para terminar em agosto.<\/p>\n\n\n\n<p><strong>\u00c1REA: <\/strong>Tem uma \u00e1rea de 167.462 Km\u00b2.<\/p>\n\n\n\n<figure class=\"wp-block-image size-large\"><img fetchpriority=\"high\" decoding=\"async\" width=\"1024\" height=\"574\" src=\"http:\/\/www.minadordonegrao.al.gov.br\/site\/wp-content\/uploads\/2021\/01\/img7-1024x574.jpg\" alt=\"\" class=\"wp-image-389\" srcset=\"https:\/\/www.minadordonegrao.al.gov.br\/site\/wp-content\/uploads\/2021\/01\/img7-1024x574.jpg 1024w, https:\/\/www.minadordonegrao.al.gov.br\/site\/wp-content\/uploads\/2021\/01\/img7-300x168.jpg 300w, https:\/\/www.minadordonegrao.al.gov.br\/site\/wp-content\/uploads\/2021\/01\/img7-768x430.jpg 768w, https:\/\/www.minadordonegrao.al.gov.br\/site\/wp-content\/uploads\/2021\/01\/img7.jpg 1231w\" sizes=\"(max-width: 1024px) 100vw, 1024px\" \/><\/figure>\n","protected":false},"excerpt":{"rendered":"<p>Hist\u00f3ria Minador do Negr\u00e3o \u00e9 um munic\u00edpio brasileiro do estado de Alagoas. Sua popula\u00e7\u00e3o \u00e9 de 5.322 habitantes (2020) e sua \u00e1rea \u00e9 de 167.462 km\u00b2. A cidade, situada no Agreste de Alagoas, distando 175 quil\u00f4metros de Macei\u00f3 e 35 quil\u00f4metros de Palmeira dos \u00cdndios. O munic\u00edpio deve sua cria\u00e7\u00e3o e povoamento a uma fazenda [&hellip;]<\/p>\n","protected":false},"author":1,"featured_media":389,"parent":0,"menu_order":0,"comment_status":"closed","ping_status":"closed","template":"","meta":{"ocean_post_layout":"","ocean_both_sidebars_style":"","ocean_both_sidebars_content_width":0,"ocean_both_sidebars_sidebars_width":0,"ocean_sidebar":"0","ocean_second_sidebar":"0","ocean_disable_margins":"enable","ocean_add_body_class":"","ocean_shortcode_before_top_bar":"","ocean_shortcode_after_top_bar":"","ocean_shortcode_before_header":"","ocean_shortcode_after_header":"","ocean_has_shortcode":"","ocean_shortcode_after_title":"","ocean_shortcode_before_footer_widgets":"","ocean_shortcode_after_footer_widgets":"","ocean_shortcode_before_footer_bottom":"","ocean_shortcode_after_footer_bottom":"","ocean_display_top_bar":"default","ocean_display_header":"default","ocean_header_style":"","ocean_center_header_left_menu":"0","ocean_custom_header_template":"0","ocean_custom_logo":0,"ocean_custom_retina_logo":0,"ocean_custom_logo_max_width":0,"ocean_custom_logo_tablet_max_width":0,"ocean_custom_logo_mobile_max_width":0,"ocean_custom_logo_max_height":0,"ocean_custom_logo_tablet_max_height":0,"ocean_custom_logo_mobile_max_height":0,"ocean_header_custom_menu":"0","ocean_menu_typo_font_family":"0","ocean_menu_typo_font_subset":"","ocean_menu_typo_font_size":0,"ocean_menu_typo_font_size_tablet":0,"ocean_menu_typo_font_size_mobile":0,"ocean_menu_typo_font_size_unit":"px","ocean_menu_typo_font_weight":"","ocean_menu_typo_font_weight_tablet":"","ocean_menu_typo_font_weight_mobile":"","ocean_menu_typo_transform":"","ocean_menu_typo_transform_tablet":"","ocean_menu_typo_transform_mobile":"","ocean_menu_typo_line_height":0,"ocean_menu_typo_line_height_tablet":0,"ocean_menu_typo_line_height_mobile":0,"ocean_menu_typo_line_height_unit":"","ocean_menu_typo_spacing":0,"ocean_menu_typo_spacing_tablet":0,"ocean_menu_typo_spacing_mobile":0,"ocean_menu_typo_spacing_unit":"","ocean_menu_link_color":"","ocean_menu_link_color_hover":"","ocean_menu_link_color_active":"","ocean_menu_link_background":"","ocean_menu_link_hover_background":"","ocean_menu_link_active_background":"","ocean_menu_social_links_bg":"","ocean_menu_social_hover_links_bg":"","ocean_menu_social_links_color":"","ocean_menu_social_hover_links_color":"","ocean_disable_title":"default","ocean_disable_heading":"default","ocean_post_title":"","ocean_post_subheading":"","ocean_post_title_style":"","ocean_post_title_background_color":"","ocean_post_title_background":0,"ocean_post_title_bg_image_position":"","ocean_post_title_bg_image_attachment":"","ocean_post_title_bg_image_repeat":"","ocean_post_title_bg_image_size":"","ocean_post_title_height":0,"ocean_post_title_bg_overlay":0.5,"ocean_post_title_bg_overlay_color":"","ocean_disable_breadcrumbs":"default","ocean_breadcrumbs_color":"","ocean_breadcrumbs_separator_color":"","ocean_breadcrumbs_links_color":"","ocean_breadcrumbs_links_hover_color":"","ocean_display_footer_widgets":"default","ocean_display_footer_bottom":"default","ocean_custom_footer_template":"0","footnotes":""},"class_list":["post-386","page","type-page","status-publish","has-post-thumbnail","hentry","entry","has-media"],"_links":{"self":[{"href":"https:\/\/www.minadordonegrao.al.gov.br\/site\/wp-json\/wp\/v2\/pages\/386","targetHints":{"allow":["GET"]}}],"collection":[{"href":"https:\/\/www.minadordonegrao.al.gov.br\/site\/wp-json\/wp\/v2\/pages"}],"about":[{"href":"https:\/\/www.minadordonegrao.al.gov.br\/site\/wp-json\/wp\/v2\/types\/page"}],"author":[{"embeddable":true,"href":"https:\/\/www.minadordonegrao.al.gov.br\/site\/wp-json\/wp\/v2\/users\/1"}],"replies":[{"embeddable":true,"href":"https:\/\/www.minadordonegrao.al.gov.br\/site\/wp-json\/wp\/v2\/comments?post=386"}],"version-history":[{"count":3,"href":"https:\/\/www.minadordonegrao.al.gov.br\/site\/wp-json\/wp\/v2\/pages\/386\/revisions"}],"predecessor-version":[{"id":392,"href":"https:\/\/www.minadordonegrao.al.gov.br\/site\/wp-json\/wp\/v2\/pages\/386\/revisions\/392"}],"wp:featuredmedia":[{"embeddable":true,"href":"https:\/\/www.minadordonegrao.al.gov.br\/site\/wp-json\/wp\/v2\/media\/389"}],"wp:attachment":[{"href":"https:\/\/www.minadordonegrao.al.gov.br\/site\/wp-json\/wp\/v2\/media?parent=386"}],"curies":[{"name":"wp","href":"https:\/\/api.w.org\/{rel}","templated":true}]}}