{"id":413,"date":"2021-01-27T00:19:55","date_gmt":"2021-01-27T03:19:55","guid":{"rendered":"http:\/\/www.minadordonegrao.al.gov.br\/site\/?page_id=413"},"modified":"2023-08-17T22:23:36","modified_gmt":"2023-08-18T01:23:36","slug":"prefeito","status":"publish","type":"page","link":"https:\/\/www.minadordonegrao.al.gov.br\/site\/prefeito\/","title":{"rendered":"Prefeito"},"content":{"rendered":"\n<p class=\"has-text-align-center\" style=\"font-size:30px\"><strong>Prefeito<\/strong><\/p>\n\n\n\n<p><strong>COMPET\u00caNCIA:<\/strong><\/p>\n\n\n\n<ul class=\"wp-block-list\">\n<li>Desenvolver as fun\u00e7\u00f5es sociais da cidade e garantir o bem estar dos seus habitantes;<\/li>\n\n\n\n<li>Organizar os servi\u00e7os p\u00fablicos de interesse local;<\/li>\n\n\n\n<li>Proteger o patrim\u00f4nio hist\u00f3rico-cultural do munic\u00edpio;<\/li>\n\n\n\n<li>Garantir o transporte p\u00fablico e a organiza\u00e7\u00e3o do tr\u00e2nsito;<\/li>\n\n\n\n<li>Atender \u00e0 comunidade, ouvindo suas reivindica\u00e7\u00f5es e anseios;<\/li>\n\n\n\n<li>Pavimentar ruas, preservar e construir espa\u00e7os p\u00fablicos, como pra\u00e7as e parques;<\/li>\n\n\n\n<li>Promover o desenvolvimento urbano e o ordenamento territorial;<\/li>\n\n\n\n<li>Buscar conv\u00eanios, benef\u00edcios e aux\u00edlios para o munic\u00edpio que representa;<\/li>\n\n\n\n<li>Apresentar projetos de lei \u00e0 c\u00e2mara municipal, al\u00e9m de sancionar ou vetar;<\/li>\n\n\n\n<li>Intermediar politicamente com outras esferas do poder, sempre com intuito de beneficiar a popula\u00e7\u00e3o local;<\/li>\n\n\n\n<li>Zelar pelo meio ambiente, pela limpeza da cidade e pelo saneamento b\u00e1sico;<\/li>\n\n\n\n<li>Implementar e manter, em boas condi\u00e7\u00f5es de funcionamento, postos de sa\u00fade, escolas e creches municipais, al\u00e9m de assumir o transporte escolar das crian\u00e7as;<\/li>\n\n\n\n<li>Arrecadar, administrar e aplicar os impostos municipais da melhor forma;<\/li>\n\n\n\n<li>Planejar, comandar, coordenar e controlar, entre outras atividades relacionadas ao cargo.<br><\/li>\n<\/ul>\n\n\n\n<p><strong>Prefeito:<\/strong> JOSIAS SOARES DA SILVA<\/p>\n\n\n\n<p><strong>Atendimento:<\/strong><br>das 8h \u00e0s 16h<\/p>\n\n\n\n<p><strong>Endere\u00e7o:<\/strong> <br>Avenida Belarmino Vieira, n\u00ba 32<br>Centro &#8211; 57.615-000<br>Telefone:  (82) 3427-1165<br><br><strong>E-mail:<\/strong><br>gabinete@minadordonegrao.al.gov.br<\/p>\n","protected":false},"excerpt":{"rendered":"<p>Prefeito COMPET\u00caNCIA: Prefeito: JOSIAS SOARES DA SILVA Atendimento:das 8h \u00e0s 16h Endere\u00e7o: Avenida Belarmino Vieira, n\u00ba 32Centro &#8211; 57.615-000Telefone: (82) 3427-1165 E-mail:gabinete@minadordonegrao.al.gov.br<\/p>\n","protected":false},"author":1,"featured_media":0,"parent":0,"menu_order":0,"comment_status":"closed","ping_status":"closed","template":"","meta":{"ocean_post_layout":"","ocean_both_sidebars_style":"","ocean_both_sidebars_content_width":0,"ocean_both_sidebars_sidebars_width":0,"ocean_sidebar":"0","ocean_second_sidebar":"0","ocean_disable_margins":"enable","ocean_add_body_class":"","ocean_shortcode_before_top_bar":"","ocean_shortcode_after_top_bar":"","ocean_shortcode_before_header":"","ocean_shortcode_after_header":"","ocean_has_shortcode":"","ocean_shortcode_after_title":"","ocean_shortcode_before_footer_widgets":"","ocean_shortcode_after_footer_widgets":"","ocean_shortcode_before_footer_bottom":"","ocean_shortcode_after_footer_bottom":"","ocean_display_top_bar":"default","ocean_display_header":"default","ocean_header_style":"","ocean_center_header_left_menu":"0","ocean_custom_header_template":"0","ocean_custom_logo":0,"ocean_custom_retina_logo":0,"ocean_custom_logo_max_width":0,"ocean_custom_logo_tablet_max_width":0,"ocean_custom_logo_mobile_max_width":0,"ocean_custom_logo_max_height":0,"ocean_custom_logo_tablet_max_height":0,"ocean_custom_logo_mobile_max_height":0,"ocean_header_custom_menu":"0","ocean_menu_typo_font_family":"0","ocean_menu_typo_font_subset":"","ocean_menu_typo_font_size":0,"ocean_menu_typo_font_size_tablet":0,"ocean_menu_typo_font_size_mobile":0,"ocean_menu_typo_font_size_unit":"px","ocean_menu_typo_font_weight":"","ocean_menu_typo_font_weight_tablet":"","ocean_menu_typo_font_weight_mobile":"","ocean_menu_typo_transform":"","ocean_menu_typo_transform_tablet":"","ocean_menu_typo_transform_mobile":"","ocean_menu_typo_line_height":0,"ocean_menu_typo_line_height_tablet":0,"ocean_menu_typo_line_height_mobile":0,"ocean_menu_typo_line_height_unit":"","ocean_menu_typo_spacing":0,"ocean_menu_typo_spacing_tablet":0,"ocean_menu_typo_spacing_mobile":0,"ocean_menu_typo_spacing_unit":"","ocean_menu_link_color":"","ocean_menu_link_color_hover":"","ocean_menu_link_color_active":"","ocean_menu_link_background":"","ocean_menu_link_hover_background":"","ocean_menu_link_active_background":"","ocean_menu_social_links_bg":"","ocean_menu_social_hover_links_bg":"","ocean_menu_social_links_color":"","ocean_menu_social_hover_links_color":"","ocean_disable_title":"default","ocean_disable_heading":"default","ocean_post_title":"","ocean_post_subheading":"","ocean_post_title_style":"","ocean_post_title_background_color":"","ocean_post_title_background":0,"ocean_post_title_bg_image_position":"","ocean_post_title_bg_image_attachment":"","ocean_post_title_bg_image_repeat":"","ocean_post_title_bg_image_size":"","ocean_post_title_height":0,"ocean_post_title_bg_overlay":0.5,"ocean_post_title_bg_overlay_color":"","ocean_disable_breadcrumbs":"default","ocean_breadcrumbs_color":"","ocean_breadcrumbs_separator_color":"","ocean_breadcrumbs_links_color":"","ocean_breadcrumbs_links_hover_color":"","ocean_display_footer_widgets":"default","ocean_display_footer_bottom":"default","ocean_custom_footer_template":"0","footnotes":""},"class_list":["post-413","page","type-page","status-publish","hentry","entry"],"_links":{"self":[{"href":"https:\/\/www.minadordonegrao.al.gov.br\/site\/wp-json\/wp\/v2\/pages\/413","targetHints":{"allow":["GET"]}}],"collection":[{"href":"https:\/\/www.minadordonegrao.al.gov.br\/site\/wp-json\/wp\/v2\/pages"}],"about":[{"href":"https:\/\/www.minadordonegrao.al.gov.br\/site\/wp-json\/wp\/v2\/types\/page"}],"author":[{"embeddable":true,"href":"https:\/\/www.minadordonegrao.al.gov.br\/site\/wp-json\/wp\/v2\/users\/1"}],"replies":[{"embeddable":true,"href":"https:\/\/www.minadordonegrao.al.gov.br\/site\/wp-json\/wp\/v2\/comments?post=413"}],"version-history":[{"count":3,"href":"https:\/\/www.minadordonegrao.al.gov.br\/site\/wp-json\/wp\/v2\/pages\/413\/revisions"}],"predecessor-version":[{"id":2854,"href":"https:\/\/www.minadordonegrao.al.gov.br\/site\/wp-json\/wp\/v2\/pages\/413\/revisions\/2854"}],"wp:attachment":[{"href":"https:\/\/www.minadordonegrao.al.gov.br\/site\/wp-json\/wp\/v2\/media?parent=413"}],"curies":[{"name":"wp","href":"https:\/\/api.w.org\/{rel}","templated":true}]}}