{"id":415,"date":"2021-01-27T00:21:12","date_gmt":"2021-01-27T03:21:12","guid":{"rendered":"http:\/\/www.minadordonegrao.al.gov.br\/site\/?page_id=415"},"modified":"2025-05-07T15:38:58","modified_gmt":"2025-05-07T18:38:58","slug":"vice-prefeito","status":"publish","type":"page","link":"https:\/\/www.minadordonegrao.al.gov.br\/site\/vice-prefeito\/","title":{"rendered":"Vice-Prefeito"},"content":{"rendered":"\n<p class=\"has-text-align-center\" style=\"font-size:30px\"><strong>Vice-Prefeito<\/strong><\/p>\n\n\n\n<p><strong>COMPET\u00caNCIA:<\/strong><\/p>\n\n\n\n<ul class=\"wp-block-list\">\n<li>O vice-prefeito \u00e9 o segundo em exerc\u00edcio no cargo do executivo municipal. No Brasil, esse representante \u00e9 eleito atrav\u00e9s de voto direto, de quatro em quatro anos, juntamente com o prefeito, de modo vinculado (Constitui\u00e7\u00e3o Federal Artigo 29, I e II). Ele \u00e9 o substituto do prefeito municipal em caso de aus\u00eancia por licen\u00e7a ou outro impedimento. Pode e deve exercer fun\u00e7\u00e3o dentro da administra\u00e7\u00e3o municipal;<\/li>\n\n\n\n<li>A Lei Org\u00e2nica do munic\u00edpio estabelece pelo menos duas fun\u00e7\u00f5es para o vice: substituir o prefeito no caso de vac\u00e2ncia e auxili\u00e1-lo sempre que for por ele convocado para miss\u00f5es especiais;<\/li>\n\n\n\n<li>Tem um papel pol\u00edtico (negocia\u00e7\u00e3o junto ao legislativo e interlocu\u00e7\u00e3o com a sociedade civil) e de gest\u00e3o (auxilia na supervis\u00e3o e controle da pr\u00f3pria administra\u00e7\u00e3o)<\/li>\n\n\n\n<li>A CF\/88 n\u00e3o definiu as fun\u00e7\u00f5es a serem exercidas pelo Vice-Prefeito.<br><\/li>\n<\/ul>\n\n\n\n<p><strong>Prefeito:<\/strong> HELDER ARAUJO SOUZA BARROS<\/p>\n\n\n\n<p><strong>Atendimento:<\/strong><br>das 8h \u00e0s 16h<\/p>\n\n\n\n<p><strong>Endere\u00e7o:<\/strong> <br>Avenida Belarmino Vieira, n\u00ba 32<br>Centro &#8211; 57.615-000<br>Telefone:  (82) 3427-1165<br><br><strong>E-mail:<\/strong><br>gabinete@minadordonegrao.al.gov.br<\/p>\n","protected":false},"excerpt":{"rendered":"<p>Vice-Prefeito COMPET\u00caNCIA: Prefeito: HELDER ARAUJO SOUZA BARROS Atendimento:das 8h \u00e0s 16h Endere\u00e7o: Avenida Belarmino Vieira, n\u00ba 32Centro &#8211; 57.615-000Telefone: (82) 3427-1165 E-mail:gabinete@minadordonegrao.al.gov.br<\/p>\n","protected":false},"author":1,"featured_media":0,"parent":0,"menu_order":0,"comment_status":"closed","ping_status":"closed","template":"","meta":{"ocean_post_layout":"","ocean_both_sidebars_style":"","ocean_both_sidebars_content_width":0,"ocean_both_sidebars_sidebars_width":0,"ocean_sidebar":"0","ocean_second_sidebar":"0","ocean_disable_margins":"enable","ocean_add_body_class":"","ocean_shortcode_before_top_bar":"","ocean_shortcode_after_top_bar":"","ocean_shortcode_before_header":"","ocean_shortcode_after_header":"","ocean_has_shortcode":"","ocean_shortcode_after_title":"","ocean_shortcode_before_footer_widgets":"","ocean_shortcode_after_footer_widgets":"","ocean_shortcode_before_footer_bottom":"","ocean_shortcode_after_footer_bottom":"","ocean_display_top_bar":"default","ocean_display_header":"default","ocean_header_style":"","ocean_center_header_left_menu":"0","ocean_custom_header_template":"0","ocean_custom_logo":0,"ocean_custom_retina_logo":0,"ocean_custom_logo_max_width":0,"ocean_custom_logo_tablet_max_width":0,"ocean_custom_logo_mobile_max_width":0,"ocean_custom_logo_max_height":0,"ocean_custom_logo_tablet_max_height":0,"ocean_custom_logo_mobile_max_height":0,"ocean_header_custom_menu":"0","ocean_menu_typo_font_family":"0","ocean_menu_typo_font_subset":"","ocean_menu_typo_font_size":0,"ocean_menu_typo_font_size_tablet":0,"ocean_menu_typo_font_size_mobile":0,"ocean_menu_typo_font_size_unit":"px","ocean_menu_typo_font_weight":"","ocean_menu_typo_font_weight_tablet":"","ocean_menu_typo_font_weight_mobile":"","ocean_menu_typo_transform":"","ocean_menu_typo_transform_tablet":"","ocean_menu_typo_transform_mobile":"","ocean_menu_typo_line_height":0,"ocean_menu_typo_line_height_tablet":0,"ocean_menu_typo_line_height_mobile":0,"ocean_menu_typo_line_height_unit":"","ocean_menu_typo_spacing":0,"ocean_menu_typo_spacing_tablet":0,"ocean_menu_typo_spacing_mobile":0,"ocean_menu_typo_spacing_unit":"","ocean_menu_link_color":"","ocean_menu_link_color_hover":"","ocean_menu_link_color_active":"","ocean_menu_link_background":"","ocean_menu_link_hover_background":"","ocean_menu_link_active_background":"","ocean_menu_social_links_bg":"","ocean_menu_social_hover_links_bg":"","ocean_menu_social_links_color":"","ocean_menu_social_hover_links_color":"","ocean_disable_title":"default","ocean_disable_heading":"default","ocean_post_title":"","ocean_post_subheading":"","ocean_post_title_style":"","ocean_post_title_background_color":"","ocean_post_title_background":0,"ocean_post_title_bg_image_position":"","ocean_post_title_bg_image_attachment":"","ocean_post_title_bg_image_repeat":"","ocean_post_title_bg_image_size":"","ocean_post_title_height":0,"ocean_post_title_bg_overlay":0.5,"ocean_post_title_bg_overlay_color":"","ocean_disable_breadcrumbs":"default","ocean_breadcrumbs_color":"","ocean_breadcrumbs_separator_color":"","ocean_breadcrumbs_links_color":"","ocean_breadcrumbs_links_hover_color":"","ocean_display_footer_widgets":"default","ocean_display_footer_bottom":"default","ocean_custom_footer_template":"0","footnotes":""},"class_list":["post-415","page","type-page","status-publish","hentry","entry"],"_links":{"self":[{"href":"https:\/\/www.minadordonegrao.al.gov.br\/site\/wp-json\/wp\/v2\/pages\/415","targetHints":{"allow":["GET"]}}],"collection":[{"href":"https:\/\/www.minadordonegrao.al.gov.br\/site\/wp-json\/wp\/v2\/pages"}],"about":[{"href":"https:\/\/www.minadordonegrao.al.gov.br\/site\/wp-json\/wp\/v2\/types\/page"}],"author":[{"embeddable":true,"href":"https:\/\/www.minadordonegrao.al.gov.br\/site\/wp-json\/wp\/v2\/users\/1"}],"replies":[{"embeddable":true,"href":"https:\/\/www.minadordonegrao.al.gov.br\/site\/wp-json\/wp\/v2\/comments?post=415"}],"version-history":[{"count":4,"href":"https:\/\/www.minadordonegrao.al.gov.br\/site\/wp-json\/wp\/v2\/pages\/415\/revisions"}],"predecessor-version":[{"id":3010,"href":"https:\/\/www.minadordonegrao.al.gov.br\/site\/wp-json\/wp\/v2\/pages\/415\/revisions\/3010"}],"wp:attachment":[{"href":"https:\/\/www.minadordonegrao.al.gov.br\/site\/wp-json\/wp\/v2\/media?parent=415"}],"curies":[{"name":"wp","href":"https:\/\/api.w.org\/{rel}","templated":true}]}}